{"id":3,"date":"2026-01-13T22:33:14","date_gmt":"2026-01-13T21:33:14","guid":{"rendered":"https:\/\/ornulia.pl\/?page_id=3"},"modified":"2026-01-14T15:49:38","modified_gmt":"2026-01-14T14:49:38","slug":"polityka-prywatnosci","status":"publish","type":"page","link":"https:\/\/ornulia.pl\/?page_id=3","title":{"rendered":"Polityka prywatno\u015bci"},"content":{"rendered":"\n<h2 class=\"wp-block-heading\"><strong>POLITYKA PRYWATNO\u015aCI SKLEPU INTERNETOWEGO ORNULIA<\/strong><\/h2>\n\n\n\n<p><strong>SPIS TRE\u015aCI:&nbsp;<\/strong><\/p>\n\n\n\n<p>Niniejsza polityka prywatno\u015bci Sklepu Internetowego ma charakter informacyjny, co oznacza, \u017ce nie jest ona \u017ar\u00f3d\u0142em obowi\u0105zk\u00f3w dla Us\u0142ugobiorc\u00f3w lub Klient\u00f3w Sklepu Internetowego. Polityka prywatno\u015bci zawiera przede wszystkim zasady dotycz\u0105ce przetwarzania danych osobowych przez Administratora w Sklepie Internetowym, w tym podstawy, cele i okres przetwarzania danych osobowych oraz prawa os\u00f3b, kt\u00f3rych dane dotycz\u0105, a tak\u017ce informacje w zakresie stosowania w Sklepie Internetowym plik\u00f3w Cookies oraz narz\u0119dzi analitycznych.&nbsp;<\/p>\n\n\n\n<p>Ka\u017cdorazowo cel, podstawa i okres oraz odbiorcy danych osobowych przetwarzanych przez Administratora wynika z dzia\u0142a\u0144 podejmowanych przez danego Us\u0142ugobiorc\u0119 lub Klienta w Sklepie Internetowym lub przez Administratora.<\/p>\n\n\n\n<p>Postanowienia og\u00f3lne: Niniejsza polityka prywatno\u015bci Sklepu Internetowego ma charakter informacyjny, co oznacza, \u017ce nie jest ona \u017ar\u00f3d\u0142em obowi\u0105zk\u00f3w dla Us\u0142ugobiorc\u00f3w lub Klient\u00f3w Sklepu Internetowego. Polityka prywatno\u015bci zawiera przede wszystkim zasady dotycz\u0105ce przetwarzania danych osobowych przez Administratora w Sklepie Internetowym, w tym podstawy, cele i okres przetwarzania danych osobowych oraz prawa os\u00f3b, kt\u00f3rych dane dotycz\u0105, a tak\u017ce informacje w zakresie stosowania w Sklepie Internetowym plik\u00f3w Cookies oraz narz\u0119dzi analitycznych.&nbsp;<\/p>\n\n\n\n<p>Administratorem danych osobowych zbieranych za po\u015brednictwem Sklepu Internetowego jest \u2013<\/p>\n\n\n\n<p>Dane osobowe w Sklepie Internetowym przetwarzane s\u0105 przez Administratora zgodnie z obowi\u0105zuj\u0105cymi przepisami prawa, w szczeg\u00f3lno\u015bci zgodnie z rozporz\u0105dzeniem Parlamentu Europejskiego i Rady (UE) 2016\/679 z dnia 27 kwietnia 2016 r. w sprawie ochrony os\u00f3b fizycznych w zwi\u0105zku z przetwarzaniem danych osobowych i w sprawie swobodnego przep\u0142ywu takich danych oraz uchylenia dyrektywy 95\/46\/WE (og\u00f3lne rozporz\u0105dzenie o ochronie danych) \u2013 zwanym dalej \u201e<strong>RODO<\/strong>\u201d lub \u201e<strong>Rozporz\u0105dzeniem RODO<\/strong>\u201d. Oficjalny tekst Rozporz\u0105dzenia RODO:&nbsp;<a href=\"http:\/\/eur-lex.europa.eu\/legal-content\/PL\/TXT\/?uri=CELEX%3A32016R0679\">http:\/\/eur-lex.europa.eu\/legal-content\/PL\/TXT\/?uri=CELEX%3A32016R0679<\/a>&nbsp;<\/p>\n\n\n\n<p>Korzystanie ze Sklepu Internetowego, w tym dokonywanie zakup\u00f3w jest dobrowolne. Podobnie zwi\u0105zane z tym podanie danych osobowych przez korzystaj\u0105cego ze Sklepu Internetowego Us\u0142ugobiorc\u0119 lub Klienta jest dobrowolne, z zastrze\u017ceniem dw\u00f3ch wyj\u0105tk\u00f3w: (1)&nbsp;<strong>zawieranie um\u00f3w z Administratorem<\/strong>&nbsp;\u2013 niepodanie w przypadkach i w zakresie wskazanym na stronie Sklepu Internetowego oraz w Regulaminie Sklepu Internetowego i niniejszej polityce prywatno\u015bci danych osobowych niezb\u0119dnych do zawarcia i wykonania Umowy Sprzeda\u017cy lub umowy o \u015bwiadczenie Us\u0142ugi Elektronicznej z Administratorem skutkuje brakiem mo\u017cliwo\u015bci zawarcia tej\u017ce umowy. Podanie danych osobowych jest w takim wypadku wymogiem umownym i je\u017celi osoba, kt\u00f3rej dane dotycz\u0105 chce zawrze\u0107 dan\u0105 umow\u0119 z Administratorem, to jest zobowi\u0105zana do podania wymaganych danych. Ka\u017cdorazowo zakres danych wymaganych do zawarcia umowy wskazany jest uprzednio na stronie Sklepu Internetowego oraz w Regulaminie Sklepu Internetowego; (2)&nbsp;<strong>obowi\u0105zki ustawowe Administratora<\/strong>&nbsp;\u2013 podanie danych osobowych jest wymogiem ustawowym wynikaj\u0105cym z powszechnie obowi\u0105zuj\u0105cych przepis\u00f3w prawa nak\u0142adaj\u0105cych na Administratora obowi\u0105zek przetwarzania danych osobowych (np. przetwarzanie danych w celu prowadzenia ksi\u0105g rachunkowych) i brak ich podania uniemo\u017cliwi Administratorowi wykonanie tych\u017ce obowi\u0105zk\u00f3w.&nbsp;<\/p>\n\n\n\n<p><strong>Administrator dok\u0142ada szczeg\u00f3lnej staranno\u015bci w celu ochrony interes\u00f3w os\u00f3b, kt\u00f3rych przetwarzane przez niego dane osobowe dotycz\u0105, a w szczeg\u00f3lno\u015bci jest odpowiedzialny i zapewnia, \u017ce zbierane przez niego dane s\u0105: (1) przetwarzane zgodnie z prawem; (2) zbierane dla oznaczonych, zgodnych z prawem cel\u00f3w i niepoddawane dalszemu przetwarzaniu niezgodnemu z tymi celami; (3) merytorycznie poprawne i adekwatne w stosunku do cel\u00f3w, w jakich s\u0105 przetwarzane; (4) przechowywane w postaci umo\u017cliwiaj\u0105cej identyfikacj\u0119 os\u00f3b, kt\u00f3rych dotycz\u0105, nie d\u0142u\u017cej ni\u017c jest to niezb\u0119dne do osi\u0105gni\u0119cia celu przetwarzania oraz (5) przetwarzane&nbsp; w&nbsp; spos\u00f3b&nbsp; zapewniaj\u0105cy&nbsp; odpowiednie&nbsp; bezpiecze\u0144stwo&nbsp; danych&nbsp; osobowych,&nbsp; w&nbsp; tym&nbsp; ochron\u0119&nbsp; przed niedozwolonym&nbsp; lub&nbsp; niezgodnym&nbsp; z&nbsp; prawem&nbsp; przetwarzaniem&nbsp; oraz&nbsp; przypadkow\u0105&nbsp; utrat\u0105,&nbsp; zniszczeniem&nbsp; lub uszkodzeniem, za pomoc\u0105 odpowiednich \u015brodk\u00f3w technicznych lub organizacyjnych.<\/strong><\/p>\n\n\n\n<p>Uwzgl\u0119dniaj\u0105c charakter, zakres, kontekst i cele przetwarzania oraz ryzyko naruszenia praw lub wolno\u015bci os\u00f3b fizycznych o r\u00f3\u017cnym prawdopodobie\u0144stwie i wadze zagro\u017cenia, Administrator wdra\u017ca odpowiednie \u015brodki techniczne i organizacyjne, aby przetwarzanie odbywa\u0142o si\u0119 zgodnie z Rozporz\u0105dzeniem RODO i aby m\u00f3c to wykaza\u0107. \u015arodki te s\u0105 w razie potrzeby poddawane przegl\u0105dom i uaktualniane. Administrator stosuje \u015brodki techniczne zapobiegaj\u0105ce pozyskiwaniu i modyfikowaniu przez osoby nieuprawnione, danych osobowych przesy\u0142anych drog\u0105 elektroniczn\u0105.&nbsp;<\/p>\n\n\n\n<p>Wszelkie s\u0142owa, wyra\u017cenia i akronimy wyst\u0119puj\u0105ce w niniejszej polityce prywatno\u015bci i rozpoczynaj\u0105ce si\u0119 du\u017c\u0105 liter\u0105 (np.&nbsp;<strong>Sprzedawca<\/strong>,&nbsp;<strong>Sklep Internetowy<\/strong>,&nbsp;<strong>Us\u0142uga Elektroniczna<\/strong>) nale\u017cy rozumie\u0107 zgodnie z ich definicj\u0105 zawart\u0105 w Regulaminie Sklepu Internetowego dost\u0119pnym na stronach Sklepu Internetowego<\/p>\n\n\n\n<p>Administrator uprawniony jest do przetwarzania danych osobowych w przypadkach, gdy \u2013 i w takim zakresie, w jakim \u2013 spe\u0142niony jest co najmniej jeden z poni\u017cszych warunk\u00f3w: (1) osoba, kt\u00f3rej dane dotycz\u0105 wyrazi\u0142a zgod\u0119 na przetwarzanie swoich danych osobowych w jednym lub wi\u0119kszej liczbie okre\u015blonych cel\u00f3w; (2) przetwarzanie jest niezb\u0119dne do wykonania umowy, kt\u00f3rej stron\u0105 jest osoba, kt\u00f3rej dane dotycz\u0105, lub do podj\u0119cia dzia\u0142a\u0144 na \u017c\u0105danie osoby, kt\u00f3rej dane dotycz\u0105, przed zawarciem umowy; (3) przetwarzanie jest niezb\u0119dne do wype\u0142nienia obowi\u0105zku prawnego ci\u0105\u017c\u0105cego na Administratorze; lub (4) przetwarzanie jest niezb\u0119dne do cel\u00f3w wynikaj\u0105cych z prawnie uzasadnionych interes\u00f3w realizowanych przez Administratora lub przez stron\u0119 trzeci\u0105, z wyj\u0105tkiem sytuacji, w kt\u00f3rych nadrz\u0119dny charakter wobec tych interes\u00f3w maj\u0105 interesy lub podstawowe prawa i wolno\u015bci osoby, kt\u00f3rej dane dotycz\u0105, wymagaj\u0105ce ochrony danych osobowych, w szczeg\u00f3lno\u015bci gdy osoba, kt\u00f3rej dane dotycz\u0105, jest dzieckiem.<\/p>\n\n\n\n<p>Przetwarzanie danych osobowych przez Administratora wymaga ka\u017cdorazowo zaistnienia co najmniej jednej z podstaw wskazanych w pkt. 2.1 polityki prywatno\u015bci. Konkretne podstawy przetwarzania danych osobowych Us\u0142ugobiorc\u00f3w i Klient\u00f3w Sklepu Internetowego przez Administratora s\u0105 wskazane w kolejnym punkcie polityki prywatno\u015bci \u2013 w odniesieniu do danego celu przetwarzania danych osobowych przez Administratora.<\/p>\n","protected":false},"excerpt":{"rendered":"<p>POLITYKA PRYWATNO\u015aCI SKLEPU INTERNETOWEGO ORNULIA SPIS TRE\u015aCI:&nbsp; Niniejsza polityka prywatno\u015bci Sklepu Internetowego ma charakter informacyjny, co oznacza, \u017ce nie jest ona \u017ar\u00f3d\u0142em obowi\u0105zk\u00f3w dla Us\u0142ugobiorc\u00f3w lub Klient\u00f3w Sklepu Internetowego. Polityka&#8230;<\/p>\n","protected":false},"author":1,"featured_media":0,"parent":0,"menu_order":0,"comment_status":"closed","ping_status":"open","template":"","meta":{"_glsr_average":0,"_glsr_ranking":0,"_glsr_reviews":0,"footnotes":""},"class_list":["post-3","page","type-page","status-publish"],"jetpack_sharing_enabled":true,"_links":{"self":[{"href":"https:\/\/ornulia.pl\/index.php?rest_route=\/wp\/v2\/pages\/3","targetHints":{"allow":["GET"]}}],"collection":[{"href":"https:\/\/ornulia.pl\/index.php?rest_route=\/wp\/v2\/pages"}],"about":[{"href":"https:\/\/ornulia.pl\/index.php?rest_route=\/wp\/v2\/types\/page"}],"author":[{"embeddable":true,"href":"https:\/\/ornulia.pl\/index.php?rest_route=\/wp\/v2\/users\/1"}],"replies":[{"embeddable":true,"href":"https:\/\/ornulia.pl\/index.php?rest_route=%2Fwp%2Fv2%2Fcomments&post=3"}],"version-history":[{"count":1,"href":"https:\/\/ornulia.pl\/index.php?rest_route=\/wp\/v2\/pages\/3\/revisions"}],"predecessor-version":[{"id":1657,"href":"https:\/\/ornulia.pl\/index.php?rest_route=\/wp\/v2\/pages\/3\/revisions\/1657"}],"wp:attachment":[{"href":"https:\/\/ornulia.pl\/index.php?rest_route=%2Fwp%2Fv2%2Fmedia&parent=3"}],"curies":[{"name":"wp","href":"https:\/\/api.w.org\/{rel}","templated":true}]}}