{"id":2,"date":"2026-01-13T22:33:14","date_gmt":"2026-01-13T21:33:14","guid":{"rendered":"https:\/\/ornulia.pl\/?page_id=2"},"modified":"2026-01-14T15:47:58","modified_gmt":"2026-01-14T14:47:58","slug":"przykladowa-strona","status":"publish","type":"page","link":"https:\/\/ornulia.pl\/?page_id=2","title":{"rendered":"Regulamin sklepu"},"content":{"rendered":"\n<p>\u00a71 Postanowienia Og\u00f3lne<\/p>\n\n\n\n<p>1.1. Niniejszy regulamin reguluje zasady korzystania ze Sklepu Internetowego prowadzonego pod adresem\u00a0www.ornulia.pl1.2. Sklep internetowy, dzia\u0142aj\u0105cy pod adresem\u00a0<a><strong>www.ornulia.pl<\/strong><\/a>\u00a0(zwany dalej:\u00a0<strong>Sklep internetowy ornulia<\/strong>), jest prowadzony przez\u00a0<strong>Fabian Drozd\u00a0<\/strong>,\u00a0Dzia\u0142alno\u015b\u0107 nierejestrowana,\u00a0. 1.3. Dane teleadresowe przedsi\u0119biorcy, umo\u017cliwiaj\u0105ce Kupuj\u0105cemu kontakt ze Sprzedawc\u0105:<\/p>\n\n\n\n<p><strong>Adres poczty elektronicznej<\/strong>: kontakt@ornulia.pl\u00a01.4. Regulamin sklepu internetowego ornuliaumieszczony jest nieprzerwanie na stronie internetowej\u00a0www.magiasciereczek.pl w spos\u00f3b umo\u017cliwiaj\u0105cy Klientom jego pozyskanie, odtwarzanie i utrwalanie jego tre\u015bci. Regulamin jest r\u00f3wnie\u017c udost\u0119pniany Klientom przed zawarciem umowy.<\/p>\n\n\n\n<p><strong>Adres pocztowy<\/strong>: S\u0142oneczna 3\/44, 37-500 Jaros\u0142aw<\/p>\n\n\n\n<p><strong>Numer telefonu i\/lub faksu<\/strong>: tel.: +48 723401878<\/p>\n\n\n\n<p><br><strong>\u00a7 2 Definicje<br><\/strong>Poj\u0119cia, kt\u00f3rymi pos\u0142uguje si\u0119 niniejszy regulamin oznaczaj\u0105:<br>2.1. Konsument \u2013 jest ni\u0105 osoba fizyczna w rozumieniu art. 221 Kodeksu cywilnego,<br>2.2. Przedsi\u0119biorca na prawach konsumenta \u2013 jest ni\u0105 osoba fizyczna zawieraj\u0105ca umow\u0119<br>bezpo\u015brednio zwi\u0105zan\u0105 z jej dzia\u0142alno\u015bci\u0105 gospodarcz\u0105, gdy z tre\u015bci tej umowy wynika, \u017ce<br>nie posiada ona dla tej osoby charakteru zawodowego, wynikaj\u0105cego w szczeg\u00f3lno\u015bci z<br>przedmiotu wykonywanej przez ni\u0105 dzia\u0142alno\u015bci gospodarczej, udost\u0119pnionego na<br>podstawie przepis\u00f3w o Centralnej Ewidencji i Informacji o Dzia\u0142alno\u015bci Gospodarczej,<br>2.3. Przedsi\u0119biorca \u2013 oznacza osob\u0119 fizyczn\u0105, osob\u0119 prawn\u0105 lub jednostk\u0119 organizacyjn\u0105<br>nieb\u0119d\u0105c\u0105 osob\u0105 prawn\u0105, kt\u00f3rej ustawa przyznaje zdolno\u015b\u0107 prawn\u0105, prowadz\u0105c\u0105 we<br>w\u0142asnym imieniu dzia\u0142alno\u015b\u0107 gospodarcz\u0105 lub zawodow\u0105 i dokonuj\u0105c\u0105 czynno\u015bci prawnej<br>zwi\u0105zanej bezpo\u015brednio z jej dzia\u0142alno\u015bci\u0105 gospodarcz\u0105 lub zawodow\u0105,<br>2.4. Us\u0142ugodawca\/Sprzedawca \u2013 Fabian Drozd, S\u0142oneczna 3\/44, 37-500 Jaros\u0142aw,<br>2.5. Sklep internetowy \u2013 sklep internetowy prowadzony pod adresem www.ornulia.pl przez<br>Fabian Drozd , dzia\u0142alno\u015b\u0107 nierejestrowana<br>2.6. Kodeks cywilny \u2013 ustawa z dnia 23 Kwietnia 1964r. (Dz.U.2020.1740),<br>2.7. Towary oraz Us\u0142ugi \u2013 wszelkie us\u0142ugi \u015bwiadczone oraz towary b\u0119d\u0105ce przedmiotem<br>umowy sprzeda\u017cy mi\u0119dzy sprzedawc\u0105 a kupuj\u0105cym,<br>2.8. Regulamin \u2013 niniejszy regulamin \u015bwiadczenia us\u0142ug drog\u0105 elektroniczn\u0105 w rozumieniu art.<br>8 ustawy o \u015bwiadczeniu us\u0142ug drog\u0105 elektroniczn\u0105 z dnia 18 lipca 2002 r. (Dz.U.2020.344),<br>2.9. Klient\/Kupuj\u0105cy \u2013 osoba fizyczna, osoba prawna lub jednostka organizacyjna nieb\u0119d\u0105ca<br>osob\u0105 prawn\u0105, kt\u00f3rej przepisy szczeg\u00f3lne przyznaj\u0105 zdolno\u015b\u0107 prawn\u0105, kt\u00f3ra dokonuje lub<br>planuje dokona\u0107 Zam\u00f3wienia w ramach Sklepu Internetowego z wykorzystaniem drogi<br>elektronicznej, w tym r\u00f3wnie\u017c Konsumenta, Przedsi\u0119biorc\u0119 na prawach konsumenta oraz<br>Przedsi\u0119biorc\u0119,<br>2.10. Zam\u00f3wienie \u2013 o\u015bwiadczenie woli Klienta, w kt\u00f3rym to Klient akceptuje ofert\u0119 sprzeda\u017cy<br>Sprzedawcy, kt\u00f3ra zawiera w szczeg\u00f3lno\u015bci cen\u0119, rodzaj, ilo\u015b\u0107 Towar\u00f3w lub Us\u0142ug w<br>ramach umorzy sprzeda\u017cy za po\u015brednictwem sklepu internetowego.<br>2.11. Ustawa o prawach konsumenta \u2013 ustawa z dnia 30 maja 2014 r. o prawach konsumenta<br>(Dz.U.2020.287).<\/p>\n\n\n\n<p><br><strong>\u00a7 3 Zasady korzystania ze sklepu internetowego<\/strong><br>3.1. Ceny wszystkich oferowanych przez Sklep towar\u00f3w i us\u0142ug s\u0105 cenami brutto (zawieraj\u0105<br>podatek VAT) oraz s\u0105 wyra\u017cone w z\u0142otych polskich. Odst\u0119pstwa od zasady waluty polskiej<br>s\u0105 wyra\u017anie zaznaczone.<br>3.2. Ceny widniej\u0105ce na stronie internetowej sklepu ornulia , jak r\u00f3wnie\u017c opisy towar\u00f3w i us\u0142ug<br>stanowi\u0105 jedynie informacj\u0119 handlow\u0105, a nie ofert\u0119 w rozumieniu Kodeksu Cywilnego.<br>Charakter wi\u0105\u017c\u0105cy \u2013 na potrzeby zawarcia konkretnej umowy \u2013 zyskuj\u0105 one dopiero z<br>chwil\u0105 potwierdzenia przyj\u0119cia zam\u00f3wienia do realizacji przez Sprzedaj\u0105cego.<br>3.3. Sprzedawca u\u017cywa w Sklepie internetowym ornulia kod\u00f3w rabatowych upowa\u017cniaj\u0105cych do<br>zakup\u00f3w towar\u00f3w z rabatem zamieszczonym na kuponie. Kody rabatowe nie podlegaj\u0105<br>zamianie na r\u00f3wnowarto\u015b\u0107 pieni\u0119\u017cn\u0105.<br>3.4. Do z\u0142o\u017cenia zam\u00f3wienia w sklepie internetowym ornulia konieczna jest akceptacja<br>niniejszego Regulaminu.<br>3.5. Do skutecznego z\u0142o\u017cenia zam\u00f3wienia w Sklepie internetowym ornulia konieczne jest<br>posiadanie urz\u0105dzenia z dost\u0119pem do Internetu umo\u017cliwiaj\u0105ce przegl\u0105danie stron<br>internetowych, a tak\u017ce klawiatura lub inne urz\u0105dzenie umo\u017cliwiaj\u0105ce poprawne<br>wype\u0142nienie formularzy elektronicznych. Zaleca si\u0119 korzystanie z najnowszych wersji<br>przegl\u0105darek internetowych: Firefox, Chrome, Internet Explorer, Microsoft Edge, Opera,<br>Safari dla systemu OS X, itd.<br>3.6. Strona Sklepu internetowego korzysta z technologii Responsive Web Design (RWD), kt\u00f3ra<br>dopasowuje tre\u015b\u0107 strony do urz\u0105dzenia na kt\u00f3rym jest ona wy\u015bwietlana. Strona Sklepu jest<br>przygotowana do wy\u015bwietlenia zar\u00f3wno na komputerach stacjonarnych jak i r\u00f3wnie\u017c<br>urz\u0105dzeniach mobilnych.<br>3.7. Strona Sklepu internetowego Magicznascierka posiada certyfikat SSL \u2013 bezpieczny protok\u00f3\u0142<br>szyfrowania komunikacji.<\/p>\n\n\n\n<p><br><strong>\u00a7 4 Warunki zawierania umowy sprzeda\u017cy<\/strong><br>4.1. Zam\u00f3wienia w sklepie internetowym Magicznascierka mo\u017cna dokonywa\u0107 poprzez wype\u0142nienie<br>odpowiednich formularzy dost\u0119pnych na stronach sklepu.<br>4.2. Klient podczas sk\u0142adania zam\u00f3wienia jest zobowi\u0105zany do podania prawid\u0142owych danych<br>osobowych: imienia i nazwiska, adresu zamieszkania, adresu e-mail oraz telefonu<br>kom\u00f3rkowego.<br>4.3. Po otrzymaniu zam\u00f3wienia, Sprzedawca potwierdza jego otrzymanie oraz jednocze\u015bnie<br>informuje o przyj\u0119ciu Zam\u00f3wienia do realizacji. Potwierdzenie zam\u00f3wienie odbywa si\u0119<br>poprzez przes\u0142anie przez Sprzedaj\u0105cego do Klienta odpowiedniej wiadomo\u015bci mailowej<br>na adres podany w formularzu zam\u00f3wienia. Z chwil\u0105 potwierdzenia przyj\u0119cia zam\u00f3wienia<br>do realizacji przez Sprzedaj\u0105cego, umowa uwa\u017cana jest za zawart\u0105.<br>4.4. Udost\u0119pnienie oraz utrwalenie tre\u015bci umowy sprzeda\u017cy nast\u0119puje poprzez udost\u0119pnienie<br>niniejszego Regulaminu na stronie Sklepu Internetowego, przes\u0142anie stosownej informacji<br>na adres mailowy Klienta podany przy sk\u0142adaniu zam\u00f3wienia, o kt\u00f3rym mowa w \u00a74 pkt.<br>4.5. Dokonywanie Zam\u00f3wie\u0144 w Sklepie internetowym Magicznascierka jest mo\u017cliwe 24 godziny na dob\u0119<br>przez wszystkie dni w roku.<\/p>\n\n\n\n<p><br><strong>\u00a7 5 Spos\u00f3b p\u0142atno\u015bci i termin p\u0142atno\u015bci<\/strong><br>5.1. W sklepie ornulia istnieje mo\u017cliwo\u015b\u0107 p\u0142atno\u015bci w jeden z nast\u0119puj\u0105cych sposob\u00f3w:<br>p\u0142atno\u015b\u0107 za pobraniem,<br>BLIK,<br>p\u0142atno\u015b\u0107 kart\u0105<br>za po\u015brednictwem us\u0142ug p\u0142atniczych dostawc\u00f3w zewn\u0119trznych.<br>5.2. Po z\u0142o\u017ceniu zam\u00f3wienia, Klient otrzymuje drog\u0105 poczty elektronicznej (e-mail) numer<br>rachunku bankowego, na kt\u00f3ry nale\u017cy przela\u0107 w\u0142a\u015bciw\u0105 kwot\u0119. Z chwil\u0105 zaksi\u0119gowania<br>wp\u0142aty na rachunku bankowym sklepu Magicznascierka zam\u00f3wienie jest przekazywane do realizacji.<br>5.3. Sklep internetowy Magicznascierka umo\u017cliwia wp\u0142at\u0119 nale\u017cno\u015bci za po\u015brednictwem nast\u0119puj\u0105cych<br>zewn\u0119trznych serwis\u00f3w p\u0142atno\u015bci elektronicznych takich jak:<br>-Montonio<br>5.4. Klient jest obowi\u0105zany do dokonania p\u0142atno\u015bci za pomoc\u0105 jednego z wy\u017cej wymienionych<br>sposob\u00f3w w terminie 7 dni kalendarzowych od dnia zawarcia umowy sprzeda\u017cy.<br>5.5. W przypadku wyboru p\u0142atno\u015bci za pobraniem, Klient zobowi\u0105zany jest do dokonania<br>p\u0142atno\u015bci przy odbiorze przesy\u0142ki.<br><br><br>\u00a76 Dostawa<\/p>\n\n\n\n<p>6.1. Zam\u00f3wione towary dostarczane s\u0105 wy\u0142\u0105cznie na terytorium Rzeczypospolitej Polskiej i odbywaj\u0105 si\u0119 pod adresem wskazanym przez Klienta w formularzu zam\u00f3wienia.<\/p>\n\n\n\n<p>6.2. Czas wysy\u0142ki towar\u00f3w jest oznaczony na stronach sklepu internetowego ornulia i wynosi\u00a0<strong>24-96 godzin<\/strong>. Sprzedawca do\u0142o\u017cy wszelkich stara\u0144, aby dostawa towaru nast\u0105pi\u0142a w czasie podanym w karcie produktu w sklepie internetowym. W przypadku niemo\u017cliwo\u015bci dostawy towaru w wy\u017cej wymienionym czasie, Kupuj\u0105cy zostanie o tym niezw\u0142ocznie poinformowany.<\/p>\n\n\n\n<p>6.3. Dostawa zam\u00f3wionych Towar\u00f3w odbywa si\u0119 za po\u015brednictwem&nbsp;<strong>InPost<\/strong>.<\/p>\n\n\n\n<p>6.4. W momencie przekazania towaru firmie kurierskiej Kupuj\u0105cy jest powiadamiany o tym fakcie poprzez wys\u0142anie wiadomo\u015bci e-mail na adres podany w zam\u00f3wieniu.<\/p>\n\n\n\n<p>6.5. Koszty dostarczenia Towaru, kt\u00f3re opr\u00f3cz ceny za Towar ponosi Klient, s\u0105 podawane na stronie internetowej Sklepu przy sk\u0142adaniu Zam\u00f3wienia.<\/p>\n\n\n\n<p>6.6. Koszt dostawy towaru w przypadku wyboru p\u0142atno\u015bci za pobraniem w ca\u0142o\u015bci pokrywa Klient.<\/p>\n\n\n\n<p>6.7.&nbsp;<strong>Darmowa dostawa za po\u015brednictwem paczkomaty InPost jest dost\u0119pna dla zam\u00f3wie\u0144 o warto\u015bci wi\u0119kszej ni\u017c 90 z\u0142otych.<\/strong><\/p>\n\n\n\n<p>6.8. W przypadku, gdy Klient nie odbierze przesy\u0142ki dostarczonej pod wskazany adres lub z wybranego punktu odbioru w wyznaczonym terminie, Sprzedawca ma prawo do potr\u0105cenia z kwoty zwrotu \u015brodk\u00f3w koszt\u00f3w dostawy oraz innych poniesionych koszt\u00f3w zwi\u0105zanych z nieodebraniem przesy\u0142ki.<br>6.9. W przypadku nieodebranych paczek, sklep ma 14 dni na rozpatrzenie zwrotu i przekazanie \u015brodk\u00f3w.<br><br><strong>\u00a7 7 Odst\u0105pienie do umowy<\/strong><br>7.1. Kupuj\u0105cy b\u0119d\u0105cy Konsumentem lub Przedsi\u0119biorc\u0105 na prawach konsumenta, kt\u00f3ry zawar\u0142<br>umow\u0119 na odleg\u0142o\u015b\u0107 lub poza lokalem przedsi\u0119biorstwa, ma prawo odst\u0105pi\u0107 od zawartej<br>umowy sprzeda\u017cy w terminie 30 dni od daty wydania mu towaru bez podania przyczyny.<br>7.2. W przypadku skorzystania z prawa, o kt\u00f3rym mowa w punkcie poprzedzaj\u0105cym, Kupuj\u0105cy<br>powinien zg\u0142osi\u0107 odst\u0105pienie od umowy poprzez udost\u0119pnion\u0105 metod\u0119 szybkie zwroty obs\u0142ugiwan\u0105<br>przez firm\u0119 InPost.<br>7.3. W przypadku z\u0142o\u017cenia przez Konsumenta lub Przedsi\u0119biorc\u0119 na prawach konsumenta,<br>o\u015bwiadczenia o odst\u0105pieniu drog\u0105 elektroniczn\u0105 za po\u015brednictwem elektronicznego<br>formularza odst\u0105pienia od umowy, Sprzedawca niezw\u0142ocznie prze\u015ble potwierdzenie<br>otrzymania o\u015bwiadczenia o odst\u0105pieniu od umowy (na trwa\u0142ym no\u015bniku danych w<br>rozumieniu art. 2 pkt 4 ustawy z 30.5.2014 r. \u2013 o prawach konsumenta.<br>7.4. Koszt zwrotu towaru, za wyj\u0105tkiem sytuacji, o kt\u00f3rej mowa w art. 33 (tj. w sytuacji<br>dodatkowych koszt\u00f3w wynikaj\u0105cych z wybranego przez Konsumenta lub Przedsi\u0119biorc\u0119<br>na prawach konsumenta, sposobu dostawy innego ni\u017c najta\u0144szy zwyk\u0142y spos\u00f3b dostawy<br>dost\u0119pny w Sklepie Internetowym) i art. 34 ust. 2 ustawy z 30.5.2014 r. \u2013 o prawach<br>konsumenta, ponosi Kupuj\u0105cy.<br>7.5. Kupuj\u0105cy ma obowi\u0105zek nale\u017cycie zabezpieczy\u0107 odsy\u0142any towar tak, aby zapobiec jego<br>uszkodzeniu w transporcie (bezpo\u015bredni koszt zwrotu rzeczy \u2013 zgodnie z art. 34 ust. 2<br>ustawy z 30.5.2014 r. \u2013 o prawach konsumenta (t.j. Dz.U. z 2017 r. poz. 683).<br>Konsument lub Przedsi\u0119biorca na prawach konsumenta ponosi bezpo\u015brednie koszty<br>zwrotu towaru.<br>7.6. Konsument lub Przedsi\u0119biorca na prawach konsumenta zobowi\u0105zany jest do dokonania<br>zwrotu rzeczy niezw\u0142ocznie, jednak nie p\u00f3\u017aniej ni\u017c w terminie 30 dni od daty, w kt\u00f3rej<br>odst\u0105pi\u0142 od umowy. Sprzedaj\u0105cy mo\u017ce zastrzec, i\u017c w przypadku odst\u0105pienia od umowy,<br>rzecz podlegaj\u0105ca zwrotowi zostanie odebrana przez niego lub osob\u0119 przez niego<br>upowa\u017cnion\u0105.<br>7.7. Je\u017celi dostarczony towar jest niekompletny, b\u0105d\u017a nosi \u015blady u\u017cytkowania, wykraczaj\u0105ce<br>poza zwyk\u0142y zarz\u0105d rzecz\u0105, Sprzedawca zastrzega sobie prawo do odmowy przyj\u0119cia<br>przesy\u0142ki, lub do obni\u017cenia zwracanej kwoty o r\u00f3wnowarto\u015b\u0107 towaru uszkodzonego.<br>7.8. W przypadku odst\u0105pienia od umowy wszystkie dokonane przez Kupuj\u0105cego p\u0142atno\u015bci,<br>w tym koszty dostarczenia (z wyj\u0105tkiem dodatkowych koszt\u00f3w wynikaj\u0105cych z wybranego<br>przez Konsumenta sposobu dostawy innego ni\u017c najta\u0144szy zwyk\u0142y spos\u00f3b dostawy dost\u0119pny<br>w Sklepie Internetowym), zostan\u0105 zwr\u00f3cone na rachunek bankowy Kupuj\u0105cego nie p\u00f3\u017aniej<br>ni\u017c w terminie 14 dni od dnia otrzymania przez Sprzedaj\u0105cego o\u015bwiadczenia Kupuj\u0105cego o<br>odst\u0105pieniu od umowy.<br>7.9. Sprzedawca o\u015bwiadcza, i\u017c zwrot p\u0142atno\u015bci, o kt\u00f3rym mowa w \u00a7 7 pkt 7.8 Regulaminu<br>zostanie zrealizowany przy u\u017cyciu takiego samego sposobu zap\u0142aty, jakiego u\u017cy\u0142<br>Kupuj\u0105cy. Sprzedawca w porozumieniu ze Kupuj\u0105cym, mo\u017ce ustali\u0107 inny spos\u00f3b zwrotu,<br>kt\u00f3ry nie b\u0119dzie wi\u0105za\u0142 si\u0119 z konieczno\u015bci\u0105 poniesienia przez Kupuj\u0105cego dodatkowych<br>koszt\u00f3w.<br>7.10. Sprzedawca o\u015bwiadcza, \u017ce prawo do odst\u0105pienia nie przys\u0142uguje w odniesieniu do um\u00f3w<br>uj\u0119tych w art. 38 ustawy z 30.5.2014 r. \u2013 o prawach konsumenta,<br>7.11. Zawieraj\u0105c umow\u0119 Konsument lub Przedsi\u0119biorca na prawach konsumenta potwierdza,<br>i\u017c zapozna\u0142 si\u0119 z tre\u015bci\u0105 niniejszego regulaminu, w tym potwierdza, i\u017c zosta\u0142<br>zawiadomiony o prawie odst\u0105pienia od zawartej umowy sprzeda\u017cy w terminie 30 dni od<br>daty wydania mu towaru.<br><br><br><strong>\u00a78 Reklamacje<\/strong><br>8.1. Podstawa i zakres odpowiedzialno\u015bci Sprzedawcy wobec Klienta, z tytu\u0142u niezgodno\u015bci<br>Produktu z Umow\u0105 s\u0105 okre\u015blone powszechnie obowi\u0105zuj\u0105cymi przepisami prawa oraz<br>poni\u017cszymi postanowieniami Regulaminu.<br>8.2. Sprzedawca jest obowi\u0105zany dostarczy\u0107 produkt bez wad.<br>8.3. W przypadku stwierdzenia uszkodze\u0144 mechanicznych, powsta\u0142ych podczas dostawy lub w<br>przypadku skierowania reklamacji do Sprzedaj\u0105cego, Kupuj\u0105cy powinien przes\u0142a\u0107<br>informacje o tym fakcie listownie na adres S\u0142oneczna 3\/44 , 37-500 Jaros\u0142aw, lub poprzez email na adres kontakt@ornulia.pl. W zg\u0142oszeniu zaleca si\u0119 wskaza\u0107 wad\u0119, jak\u0105<br>zdaniem Klienta towar posiada, oraz je\u017celi jest to mo\u017cliwe \u2013 udokumentowa\u0107 rzeczon\u0105<br>wad\u0119, dat\u0119 wyst\u0105pienia wady, \u017c\u0105danie sposobu doprowadzenia do zgodno\u015bci towaru z<br>umow\u0105 zgodnie z art. 560 i nast. Kodeksu cywilnego oraz podanie danych kontaktowych.<br>Powy\u017csze wymogi maj\u0105 charakter zalece\u0144, ich brak nie ma wp\u0142ywu na skuteczno\u015b\u0107<br>reklamacji.<br>8.4. Sprzedawca w terminie 14 dni od otrzymania zg\u0142oszenia ustosunkuje si\u0119 do zg\u0142oszenia.<br>Brak ustosunkowania si\u0119 Sprzedawcy w powy\u017cszym terminie oznacza, \u017ce Sprzedawca<br>uzna\u0142 reklamacj\u0119 za uzasadnion\u0105.<br>8.5. Szczeg\u00f3\u0142owe informacje dotycz\u0105ce mo\u017cliwo\u015bci skorzystania przez Klienta b\u0119d\u0105cego<br>Konsumentem z pozas\u0105dowych sposob\u00f3w rozpatrywania reklamacji i dochodzenia<br>roszcze\u0144 oraz zasady dost\u0119pu do tych procedur dost\u0119pne s\u0105 w siedzibach oraz na stronach<br>internetowych powiatowych (miejskich) rzecznik\u00f3w konsument\u00f3w, organizacji<br>spo\u0142ecznych, do kt\u00f3rych zada\u0144 statutowych nale\u017cy ochrona konsument\u00f3w, Wojew\u00f3dzkich<br>Inspektorat\u00f3w Inspekcji Handlowej oraz pod nast\u0119puj\u0105cymi adresami internetowymi<br>Urz\u0119du Ochrony Konkurencji i Konsument\u00f3w:<br>8.5.1. http:\/\/www.uokik.gov.pl\/spory_konsumenckie.php; 8.5.2.<br>http:\/\/www.uokik.gov.pl\/sprawy_indywidualne.php;<br>8.5.3. http:\/\/www.uokik.gov.pl\/wazne_adresy.php.<br>8.6. Klient b\u0119d\u0105cy Konsumentem posiada w szczeg\u00f3lno\u015bci (lecz nie wy\u0142\u0105cznie) nast\u0119puj\u0105ce<br>przyk\u0142adowe mo\u017cliwo\u015bci skorzystania z pozas\u0105dowych sposob\u00f3w rozpatrywania<br>reklamacji i dochodzenia roszcze\u0144:<br>8.6.1. Klient uprawniony jest do zwr\u00f3cenia si\u0119 do sta\u0142ego polubownego s\u0105du<br>konsumenckiego, o kt\u00f3rym mowa w art. 37 ustawy z dnia 15 grudnia 2000 r. o<br>Inspekcji Handlowej (tekst jednolity: Dz.U. z 2019 r., poz. 1668 ze zm.), z wnioskiem<br>o rozstrzygni\u0119cie sporu wynik\u0142ego z zawartej Umowy Sprzeda\u017cy. Regulamin<br>organizacji i dzia\u0142ania sta\u0142ych polubownych s\u0105d\u00f3w konsumenckich okre\u015bla<br>rozporz\u0105dzenie ministra sprawiedliwo\u015bci z dnia 6 lipca 2017 r. w sprawie okre\u015blenia<br>regulaminu organizacji i dzia\u0142ania sta\u0142ych polubownych sta\u0142ych s\u0105d\u00f3w polubownych<br>przy wojew\u00f3dzkich inspektorach inspekcji handlowej. (Dz.U. z 2017 r. poz. 1356).<br>8.6.2. Klient uprawniony jest do zwr\u00f3cenia si\u0119 do wojew\u00f3dzkiego inspektora Inspekcji<br>Handlowej, zgodnie z art. 36 ustawy z dnia 15 grudnia 2000 r. o Inspekcji Handlowej<br>(tekst jednolity: Dz.U. z 2019 r., poz. 1668 ze zm.), z wnioskiem o pozas\u0105dowe<br>rozwi\u0105zanie sporu mi\u0119dzy Klientem, a Sprzedawc\u0105. Informacja na temat zasad i trybu<br>procedury mediacji prowadzonej przez wojew\u00f3dzkiego inspektora Inspekcji<br>Handlowej dost\u0119pna jest w siedzibach oraz na stronach internetowych<br>poszczeg\u00f3lnych Wojew\u00f3dzkich Inspektorat\u00f3w Inspekcji Handlowej.<br>8.6.3. Klient mo\u017ce z\u0142o\u017cy\u0107 skarg\u0119 za po\u015brednictwem platformy internetowej ODR:<br>http:\/\/ec.europa.eu\/consumers\/odr\/. Platforma ODR stanowi tak\u017ce \u017ar\u00f3d\u0142o informacji<br>na temat form pozas\u0105dowego rozstrzygania spor\u00f3w mog\u0105cych powsta\u0107 pomi\u0119dzy<br>przedsi\u0119biorcami i Konsumentami.<br><br><strong>\u00a79 Zasady publikowania opinii<\/strong><br>9.1. Ka\u017cdy zarejestrowany klient mo\u017ce publikowa\u0107 opinie o towarze w odpowiednim<br>miejscu na stronie internetowej Sklepu. Opinia powinna by\u0107 napisana j\u0119zykiem polskim z<br>zachowaniem zasad poprawniej polszczyzny.<br>9.2. Opinie s\u0105 subiektywnymi wypowiedziami Klient\u00f3w. Sprzedawca nie ponosi \u017cadnej<br>odpowiedzialno\u015bci za ich tre\u015b\u0107.<br>9.3. Kupuj\u0105cy\/klient o\u015bwiadcza, \u017ce jego wypowied\u017a nie narusza obowi\u0105zuj\u0105cych przepis\u00f3w<br>prawa, ani praw os\u00f3b trzecich. Ponosi on pe\u0142n\u0105 odpowiedzialno\u015b\u0107 za wypowiedzi<br>umieszczone przez niego w Sklepie Internetowym ornulia.<br>9.4. Nades\u0142ana opinia podlega weryfikacji przez sprzedawc\u0119 pod wzgl\u0119dem sprawdzenia czy<br>opinia ta nie zawiera tre\u015bci o charakterze zakazanym tj. w szczeg\u00f3lno\u015bci gdy opinia narusza<br>obowi\u0105zuj\u0105ce przepisy, zawiera tre\u015bci zakazane, reklamowe, dane osobowe, narusza prawa<br>autorskie itd.<br><br><br><strong>\u00a7 10 Dane osobowe<\/strong><br>10.1. Administratorem danych osobowych jest Sprzedawca.<br>10.2. Zasady ochrony danych osobowych znajduj\u0105 si\u0119 w Polityce Prywatno\u015bci sklepu<br>internetowego ornulia, dost\u0119pnego na stronie www.ornulia.pl<br><br><strong>\u00a7 11 Wykorzystanie danych w celach przypomnienia o porzuconym koszyku<\/strong><br>11.1. Sklep internetowy www.magiasciereczek.pl\u00a0zastrzega sobie prawo do wykorzystania adresu e-mail podanego przez Klienta podczas procesu sk\u0142adania zam\u00f3wienia w koszyku w celu przes\u0142ania jednorazowego przypomnienia o niedoko\u0144czonym zam\u00f3wieniu (tzw. porzuconym koszyku).<br>11.2. Adres e-mail przetwarzany jest na podstawie uzasadnionego interesu administratora danych (art. 6 ust. 1 lit. f RODO) w celu umo\u017cliwienia Klientowi wygodnego powrotu do swojego zam\u00f3wienia.<br>11.3. Klient mo\u017ce w ka\u017cdej chwili zrezygnowa\u0107 z otrzymywania takich wiadomo\u015bci, kontaktuj\u0105c si\u0119 z administratorem danych pod adresem kontakt@ornulia.pl<br>11.4. Szczeg\u00f3\u0142owe informacje na temat przetwarzania danych osobowych znajduj\u0105 si\u0119 w Polityce prywatno\u015bci.<br><br><br>\u00a712 Postanowienia ko\u0144cowe<\/p>\n\n\n\n<p>12.1. Sprzedawca zastrzega sobie prawo do wprowadzania z wa\u017cnych przyczyn zmian w niniejszym Regulaminie. Wszelkie zmiany Regulaminu wchodz\u0105 w \u017cycie w odpowiednim terminie wskazanym przez Sprzedawc\u0119, nie kr\u00f3tszym jednak ni\u017c 7 dni.<\/p>\n\n\n\n<p>12.2. Zmieniony Regulamin wi\u0105\u017ce Kupuj\u0105cego\/Klienta, je\u017celi zosta\u0142y zachowane wymagania okre\u015blone w art. 384 oraz 384[1] Kodeksu cywilnego, to jest zosta\u0142 on prawid\u0142owo powiadomiony o zmianach i nie wypowiedzia\u0142 umowy w terminie 14 dni kalendarzowych od dnia powiadomienia.<\/p>\n\n\n\n<p>12.3. Zgodnie z art. 8 ust. 3 pkt 2 lit. b ustawy z 18.7.2002 r. o \u015bwiadczeniu us\u0142ug drog\u0105 elektroniczn\u0105 podmiot korzystaj\u0105cy ze strony sklepu internetowego Magiczna \u015acierka zobowi\u0105zany jest do nieumieszczania na tej stronie tre\u015bci o charakterze bezprawnym.<\/p>\n\n\n\n<p>12.4. W sprawach nieuregulowanych niniejszym regulaminem zastosowanie mie\u0107 b\u0119d\u0105 odpowiednie przepisy Kodeksu cywilnego oraz ustawy z 30.5.2014 r. \u2013 o prawach konsumenta.<\/p>\n\n\n\n<p>12.5. Niniejszy Regulamin jest dost\u0119pny pod adresem internetowym\u00a0<a><strong>www.ornulia.pl<\/strong><\/a> 12.6. Umowy ze sprzedawc\u0105 zawierane s\u0105 w j\u0119zyku polskim. 12.7. Regulamin wchodzi w \u017cycie z dniem\u00a0<strong>24.05.2024<\/strong><\/p>\n","protected":false},"excerpt":{"rendered":"<p>\u00a71 Postanowienia Og\u00f3lne 1.1. Niniejszy regulamin reguluje zasady korzystania ze Sklepu Internetowego prowadzonego pod adresem\u00a0www.ornulia.pl1.2. Sklep internetowy, dzia\u0142aj\u0105cy pod adresem\u00a0www.ornulia.pl\u00a0(zwany dalej:\u00a0Sklep internetowy ornulia), jest prowadzony przez\u00a0Fabian Drozd\u00a0,\u00a0Dzia\u0142alno\u015b\u0107 nierejestrowana,\u00a0. 1.3. Dane&#8230;<\/p>\n","protected":false},"author":1,"featured_media":0,"parent":0,"menu_order":0,"comment_status":"closed","ping_status":"open","template":"","meta":{"_glsr_average":0,"_glsr_ranking":0,"_glsr_reviews":0,"footnotes":""},"class_list":["post-2","page","type-page","status-publish"],"jetpack_sharing_enabled":true,"_links":{"self":[{"href":"https:\/\/ornulia.pl\/index.php?rest_route=\/wp\/v2\/pages\/2","targetHints":{"allow":["GET"]}}],"collection":[{"href":"https:\/\/ornulia.pl\/index.php?rest_route=\/wp\/v2\/pages"}],"about":[{"href":"https:\/\/ornulia.pl\/index.php?rest_route=\/wp\/v2\/types\/page"}],"author":[{"embeddable":true,"href":"https:\/\/ornulia.pl\/index.php?rest_route=\/wp\/v2\/users\/1"}],"replies":[{"embeddable":true,"href":"https:\/\/ornulia.pl\/index.php?rest_route=%2Fwp%2Fv2%2Fcomments&post=2"}],"version-history":[{"count":1,"href":"https:\/\/ornulia.pl\/index.php?rest_route=\/wp\/v2\/pages\/2\/revisions"}],"predecessor-version":[{"id":1656,"href":"https:\/\/ornulia.pl\/index.php?rest_route=\/wp\/v2\/pages\/2\/revisions\/1656"}],"wp:attachment":[{"href":"https:\/\/ornulia.pl\/index.php?rest_route=%2Fwp%2Fv2%2Fmedia&parent=2"}],"curies":[{"name":"wp","href":"https:\/\/api.w.org\/{rel}","templated":true}]}}