{"id":12,"date":"2026-01-14T15:50:54","date_gmt":"2026-01-14T14:50:54","guid":{"rendered":"https:\/\/ornulia.pl\/?page_id=12"},"modified":"2026-01-14T15:50:55","modified_gmt":"2026-01-14T14:50:55","slug":"zwroty","status":"publish","type":"page","link":"https:\/\/ornulia.pl\/?page_id=12","title":{"rendered":"Polityka zwrot\u00f3w"},"content":{"rendered":"\n<p><\/p>\n\n\n\n<h2 class=\"wp-block-heading\">Darmowy Zwrot w ci\u0105gu 14 dni<\/h2>\n\n\n\n<p>W ci\u0105gu 90 dni od zakupu mo\u017cesz skorzysta\u0107 z darmowego zwrotu.<br>Przesy\u0142ka mo\u017ce zosta\u0107 odebrana przez kuriera inPost lub nadana w dowolnym paczkomacie.<br>Etykiet\u0119 kuriersk\u0105 wygenerujesz za darmo, korzystaj\u0105c z formularza:<\/p>\n\n\n\n<h2 class=\"wp-block-heading\">Czas dostawy<\/h2>\n\n\n\n<p>Czas dostawy zale\u017cy od wybranej metody dostawy, jednak zwykle wynosi ona 1 do 2 dni roboczych. Wszystkie zam\u00f3wienia realizowane s\u0105 poprzez kuriera inPost, kt\u00f3ry gwarantuje dostaw\u0119 produkt\u00f3w ju\u017c nast\u0119pnego dnia! W wyj\u0105tkowych przypadkach czas realizacji mo\u017ce si\u0119 wyd\u0142u\u017cy\u0107, za co najmocniej przepraszamy<\/p>\n\n\n\n<h2 class=\"wp-block-heading\">Prawo odst\u0105pienia od umowy zawartej na odleg\u0142o\u015b\u0107<\/h2>\n\n\n\n<p>Masz prawo odst\u0105pi\u0107 od umowy bez podania przyczyny. Pami\u0119taj jednak, \u017ce towar nie mo\u017ce posiada\u0107 \u015blad\u00f3w u\u017cytkowania. Aby skorzysta\u0107 z prawa odst\u0105pienia od umowy, poinformuj nas o swojej decyzji w terminie 14 dni od dnia, w kt\u00f3rym Ty lub osoba trzecia, inna ni\u017c przewo\u017anik i wskazana przez Ciebie fizycznie otrzyma\u0142e\u015b\/otrzyma\u0142a zakupiony towar. Za jednoznaczne o\u015bwiadczenie uznajemy o\u015bwiadczenie o odst\u0105pieniu poczt\u0105 elektroniczn\u0105 na adres kontakt@kibro.pl<\/p>\n\n\n\n<p>Prawo odst\u0105pienia od umowy nie przys\u0142uguje Kupuj\u0105cemu w wypadkach okre\u015blonych szczeg\u00f3\u0142owo w art. 38 ust. 1 ustawy z dnia 30 maja 2014 r. o prawach konsumenta.<\/p>\n\n\n\n<p><strong>UWAGA! Nie przyjmujemy zwrot\u00f3w Nadanych poprzez Poczt\u0119 Polsk\u0105, ani nadanych ZA POBRANIEM.<\/strong><\/p>\n\n\n\n<h2 class=\"wp-block-heading\">Nie odebrana przesy\u0142ka<\/h2>\n\n\n\n<p>W przypadku nie odebranej przesy\u0142ki op\u0142aconej lub p\u0142atnej przy kurierze klient zmuszony jest do pokrycia koszt\u00f3w, kt\u00f3re poni\u00f3s\u0142 sprzedaj\u0105cy (nadanie paczki, zwrot paczki, strata w materia\u0142ach pakowych, koszt obs\u0142ugi zam\u00f3wie\u0144 i zwrot\u00f3w, koszt magazynowania oraz op\u0142aty transakcyjne) w wysoko\u015bci 30 z\u0142, kt\u00f3re musi uregulowa\u0107 sprzedawcy w terminie nie d\u0142u\u017cszym ni\u017c 14 dni od wys\u0142ania zawiadomienia mailowego przez sprzedaj\u0105cego.<\/p>\n\n\n\n<p>W przypadki rezygnacji z zam\u00f3wienia op\u0142aconego poprzez bramk\u0119 przelewy24, lub p\u0142atno\u015bci kart\u0105 zwr\u00f3cona suma pieni\u0119dzy zostanie pomniejszona o koszty pokryte przez sprzedaj\u0105cego.<\/p>\n\n\n\n<p>W przypadku zam\u00f3wienia p\u0142atnego przy kurierze, kt\u00f3re nie zosta\u0142o odebrane, ani op\u0142acone rekompensat\u0119 za wysy\u0142k\u0119 trzeba dokona\u0107 na konto bankowe:<\/p>\n\n\n\n<p>W przypadku ch\u0119ci ponownego nadania zam\u00f3wienia klient zostanie obci\u0105\u017cony ponown\u0105 op\u0142at\u0105 za wysy\u0142k\u0119 zgodn\u0105 z cennikiem sklepu dost\u0119pnym na stronie sklepu.<\/p>\n\n\n\n<h2 class=\"wp-block-heading\">Zwrot pieni\u0119dzy<\/h2>\n\n\n\n<p>W przypadku odst\u0105pienia od umowy zwr\u00f3cimy Ci kwot\u0119 zap\u0142acon\u0105 za towar, w terminie 7 dni, a w ka\u017cdym przypadku nie p\u00f3\u017aniej, ni\u017c w ci\u0105gu 14 dni od dnia, w kt\u00f3rym otrzymali\u015bmy o\u015bwiadczenie o odst\u0105pieniu od umowy.<br>Zastrzegamy sobie mo\u017cliwo\u015b\u0107 wstrzymania si\u0119 ze zwrotem p\u0142atno\u015bci do chwili otrzymania zwracanych towar\u00f3w lub dostarczenia dowodu ich odes\u0142ania.<\/p>\n\n\n\n<p>Kupuj\u0105cy ponosi odpowiedzialno\u015b\u0107 za zmniejszenie warto\u015bci zwracanych produkt\u00f3w b\u0119d\u0105ce wynikiem korzystania z nich w spos\u00f3b wykraczaj\u0105cy poza konieczny do stwierdzenia charakteru, cech i funkcjonowania produkt\u00f3w. Zastrzegamy sobie prawo do dochodzenia wzgl\u0119dem Konsumenta z tego tytu\u0142u odszkodowania, w zakresie w jakim zezwalaj\u0105 na to obowi\u0105zuj\u0105ce przepisy prawa.<\/p>\n","protected":false},"excerpt":{"rendered":"<p>Darmowy Zwrot w ci\u0105gu 14 dni W ci\u0105gu 90 dni od zakupu mo\u017cesz skorzysta\u0107 z darmowego zwrotu.Przesy\u0142ka mo\u017ce zosta\u0107 odebrana przez kuriera inPost lub nadana w dowolnym paczkomacie.Etykiet\u0119 kuriersk\u0105 wygenerujesz&#8230;<\/p>\n","protected":false},"author":1,"featured_media":0,"parent":0,"menu_order":0,"comment_status":"closed","ping_status":"closed","template":"","meta":{"_glsr_average":0,"_glsr_ranking":0,"_glsr_reviews":0,"footnotes":""},"class_list":["post-12","page","type-page","status-publish"],"jetpack_sharing_enabled":true,"_links":{"self":[{"href":"https:\/\/ornulia.pl\/index.php?rest_route=\/wp\/v2\/pages\/12","targetHints":{"allow":["GET"]}}],"collection":[{"href":"https:\/\/ornulia.pl\/index.php?rest_route=\/wp\/v2\/pages"}],"about":[{"href":"https:\/\/ornulia.pl\/index.php?rest_route=\/wp\/v2\/types\/page"}],"author":[{"embeddable":true,"href":"https:\/\/ornulia.pl\/index.php?rest_route=\/wp\/v2\/users\/1"}],"replies":[{"embeddable":true,"href":"https:\/\/ornulia.pl\/index.php?rest_route=%2Fwp%2Fv2%2Fcomments&post=12"}],"version-history":[{"count":1,"href":"https:\/\/ornulia.pl\/index.php?rest_route=\/wp\/v2\/pages\/12\/revisions"}],"predecessor-version":[{"id":1658,"href":"https:\/\/ornulia.pl\/index.php?rest_route=\/wp\/v2\/pages\/12\/revisions\/1658"}],"wp:attachment":[{"href":"https:\/\/ornulia.pl\/index.php?rest_route=%2Fwp%2Fv2%2Fmedia&parent=12"}],"curies":[{"name":"wp","href":"https:\/\/api.w.org\/{rel}","templated":true}]}}